{"id":6,"date":"2017-01-23T14:52:25","date_gmt":"2017-01-23T14:52:25","guid":{"rendered":"http:\/\/krusetraining.stgng.com\/?page_id=6"},"modified":"2022-03-16T11:09:40","modified_gmt":"2022-03-16T15:09:40","slug":"about","status":"publish","type":"page","link":"https:\/\/krusetraining.com\/espanol\/about\/","title":{"rendered":"Kruse Training"},"content":{"rendered":"<h2 style=\"text-align: center;\"><strong>El C\u00edrculo del Conocimiento<\/strong><\/h2>\n<p style=\"text-align: center; font-size: 30px; font-weight: 300; line-height: 1.2;\">Un sistema interactivo de conocimiento y capacitaci\u00f3n en l\u00ednea<\/p>\n<div style=\"overflow: hidden;\">\n<div id=\"spinny\" style=\"position: relative; float: left; max-width: 40%; min-width: 150px;\"><img decoding=\"async\" style=\"max-width: 125%; margin: -12.5%;\" src=\"\/wp-content\/themes\/krusetraining\/images\/svg\/spinny-c-es.svg?v\" alt=\"\" \/><br \/>\n<img decoding=\"async\" style=\"max-width: 125%; margin: -12.5%; position: absolute; left: 0; width: 406px; right: 0; top: 0; animation: spin 6s linear infinite;\" src=\"\/wp-content\/themes\/krusetraining\/images\/svg\/spinny-b-es.svg?v\" alt=\"The Circle of Knowledge Thumbnail\" \/><\/div>\n<div style=\"float: left; max-width: 55%; margin-left: 5%;\">Kruse Training es una soluci\u00f3n de conocimiento y capacitaci\u00f3n en l\u00ednea para dise\u00f1adores de piezas, dise\u00f1adores de moldes e ingenieros de procesos senior. El programa interactivo en l\u00ednea imparte conocimientos fundamentales y expertos y est\u00e1 dise\u00f1ado para presentar la informaci\u00f3n en una secuencia l\u00f3gica. El sistema \u00fanico de &#8220;aprendizaje enfocado&#8221; combina animaciones, simulaciones, videos, cuestionarios y presentaciones multimedia que desarrollan habilidades y aumentan la confianza. Una herramienta CAD interactiva ofrece a los usuarios la oportunidad de examinar y manipular partes de muestra con varios defectos de moldeo. Las lecciones de Kruse Training se desarrollan teniendo en cuenta a los profesionales del moldeo por inyecci\u00f3n, desde el nivel de entrada hasta los ingenieros experimentados.<\/div>\n<\/div>\n<p>&nbsp;<\/p>\n<p style=\"font-size: 24px; line-height: 31px; text-align: center;\">Cuando el conocimiento fluye del dise\u00f1ador de partes al dise\u00f1ador de moldes al ingeniero de procesos, y de nuevo, se crea un &#8220;C\u00edrculo de Conocimiento&#8221; dentro del equipo.<\/p>\n","protected":false},"excerpt":{"rendered":"<p>El C\u00edrculo del Conocimiento Un sistema interactivo de conocimiento y capacitaci\u00f3n en l\u00ednea Kruse Training es una soluci\u00f3n de conocimiento y capacitaci\u00f3n en l\u00ednea para dise\u00f1adores de piezas, dise\u00f1adores de moldes e ingenieros de procesos senior. El programa interactivo en l\u00ednea imparte conocimientos fundamentales y expertos y est\u00e1 dise\u00f1ado para presentar la informaci\u00f3n en una [&hellip;]<\/p>\n","protected":false},"author":3,"featured_media":0,"parent":0,"menu_order":0,"comment_status":"closed","ping_status":"closed","template":"","meta":{"_acf_changed":false,"om_disable_all_campaigns":false,"footnotes":""},"class_list":["post-6","page","type-page","status-publish","hentry"],"acf":[],"yoast_head":"<!-- This site is optimized with the Yoast SEO Premium plugin v27.0 (Yoast SEO v27.4) - https:\/\/yoast.com\/product\/yoast-seo-premium-wordpress\/ -->\n<title>The Circle of Knowledge Training Program - Kruse Training (Spanish)<\/title>\n<meta name=\"description\" content=\"Kruse Training is an interactive online knowledge and training system for injection molding professionals. Learn more about &quot;The Circle of Knowledge&quot;!\" \/>\n<meta name=\"robots\" content=\"index, follow, max-snippet:-1, max-image-preview:large, max-video-preview:-1\" \/>\n<link rel=\"canonical\" href=\"https:\/\/krusetraining.com\/espanol\/about\/\" \/>\n<meta property=\"og:locale\" content=\"es_MX\" \/>\n<meta property=\"og:type\" content=\"article\" \/>\n<meta property=\"og:title\" content=\"Kruse Training\" \/>\n<meta property=\"og:description\" content=\"Kruse Training is an interactive online knowledge and training system for injection molding professionals. Learn more about &quot;The Circle of Knowledge&quot;!\" \/>\n<meta property=\"og:url\" content=\"https:\/\/krusetraining.com\/espanol\/about\/\" \/>\n<meta property=\"og:site_name\" content=\"Kruse Training (Spanish)\" \/>\n<meta property=\"article:modified_time\" content=\"2022-03-16T15:09:40+00:00\" \/>\n<meta property=\"og:image\" content=\"https:\/\/krusetraining.com\/wp-content\/themes\/krusetraining\/images\/svg\/spinny-c-es.svg\" \/>\n<meta name=\"twitter:card\" content=\"summary_large_image\" \/>\n<meta name=\"twitter:site\" content=\"@krusetraining\" \/>\n<meta name=\"twitter:label1\" content=\"Tiempo de lectura\" \/>\n\t<meta name=\"twitter:data1\" content=\"2 minutos\" \/>\n<script type=\"application\/ld+json\" class=\"yoast-schema-graph\">{\"@context\":\"https:\\\/\\\/schema.org\",\"@graph\":[{\"@type\":\"WebPage\",\"@id\":\"https:\\\/\\\/krusetraining.com\\\/espanol\\\/about\\\/\",\"url\":\"https:\\\/\\\/krusetraining.com\\\/espanol\\\/about\\\/\",\"name\":\"The Circle of Knowledge Training Program - Kruse Training (Spanish)\",\"isPartOf\":{\"@id\":\"https:\\\/\\\/krusetraining.com\\\/espanol\\\/#website\"},\"datePublished\":\"2017-01-23T14:52:25+00:00\",\"dateModified\":\"2022-03-16T15:09:40+00:00\",\"description\":\"Kruse Training is an interactive online knowledge and training system for injection molding professionals. Learn more about \\\"The Circle of Knowledge\\\"!\",\"breadcrumb\":{\"@id\":\"https:\\\/\\\/krusetraining.com\\\/espanol\\\/about\\\/#breadcrumb\"},\"inLanguage\":\"es\",\"potentialAction\":[{\"@type\":\"ReadAction\",\"target\":[\"https:\\\/\\\/krusetraining.com\\\/espanol\\\/about\\\/\"]}]},{\"@type\":\"BreadcrumbList\",\"@id\":\"https:\\\/\\\/krusetraining.com\\\/espanol\\\/about\\\/#breadcrumb\",\"itemListElement\":[{\"@type\":\"ListItem\",\"position\":1,\"name\":\"Home\",\"item\":\"https:\\\/\\\/krusetraining.com\\\/espanol\\\/\"},{\"@type\":\"ListItem\",\"position\":2,\"name\":\"Kruse Training\"}]},{\"@type\":\"WebSite\",\"@id\":\"https:\\\/\\\/krusetraining.com\\\/espanol\\\/#website\",\"url\":\"https:\\\/\\\/krusetraining.com\\\/espanol\\\/\",\"name\":\"Kruse Training (Spanish)\",\"description\":\"\",\"publisher\":{\"@id\":\"https:\\\/\\\/krusetraining.com\\\/espanol\\\/#organization\"},\"potentialAction\":[{\"@type\":\"SearchAction\",\"target\":{\"@type\":\"EntryPoint\",\"urlTemplate\":\"https:\\\/\\\/krusetraining.com\\\/espanol\\\/?s={search_term_string}\"},\"query-input\":{\"@type\":\"PropertyValueSpecification\",\"valueRequired\":true,\"valueName\":\"search_term_string\"}}],\"inLanguage\":\"es\"},{\"@type\":\"Organization\",\"@id\":\"https:\\\/\\\/krusetraining.com\\\/espanol\\\/#organization\",\"name\":\"Kruse Training\",\"url\":\"https:\\\/\\\/krusetraining.com\\\/espanol\\\/\",\"logo\":{\"@type\":\"ImageObject\",\"inLanguage\":\"es\",\"@id\":\"https:\\\/\\\/krusetraining.com\\\/espanol\\\/#\\\/schema\\\/logo\\\/image\\\/\",\"url\":\"https:\\\/\\\/krusetraining.com\\\/espanol\\\/wp-content\\\/uploads\\\/sites\\\/4\\\/2018\\\/06\\\/KT-LOGO.jpg\",\"contentUrl\":\"https:\\\/\\\/krusetraining.com\\\/espanol\\\/wp-content\\\/uploads\\\/sites\\\/4\\\/2018\\\/06\\\/KT-LOGO.jpg\",\"width\":1968,\"height\":1411,\"caption\":\"Kruse Training\"},\"image\":{\"@id\":\"https:\\\/\\\/krusetraining.com\\\/espanol\\\/#\\\/schema\\\/logo\\\/image\\\/\"},\"sameAs\":[\"https:\\\/\\\/x.com\\\/krusetraining\",\"https:\\\/\\\/www.linkedin.com\\\/in\\\/kruseanalysis\\\/\",\"https:\\\/\\\/www.youtube.com\\\/channel\\\/UC2lPoGtSbSMB0BdRgbHm7qw\"]}]}<\/script>\n<!-- \/ Yoast SEO Premium plugin. -->","yoast_head_json":{"title":"The Circle of Knowledge Training Program - Kruse Training (Spanish)","description":"Kruse Training is an interactive online knowledge and training system for injection molding professionals. Learn more about \"The Circle of Knowledge\"!","robots":{"index":"index","follow":"follow","max-snippet":"max-snippet:-1","max-image-preview":"max-image-preview:large","max-video-preview":"max-video-preview:-1"},"canonical":"https:\/\/krusetraining.com\/espanol\/about\/","og_locale":"es_MX","og_type":"article","og_title":"Kruse Training","og_description":"Kruse Training is an interactive online knowledge and training system for injection molding professionals. Learn more about \"The Circle of Knowledge\"!","og_url":"https:\/\/krusetraining.com\/espanol\/about\/","og_site_name":"Kruse Training (Spanish)","article_modified_time":"2022-03-16T15:09:40+00:00","og_image":[{"url":"https:\/\/krusetraining.com\/wp-content\/themes\/krusetraining\/images\/svg\/spinny-c-es.svg","type":"","width":"","height":""}],"twitter_card":"summary_large_image","twitter_site":"@krusetraining","twitter_misc":{"Tiempo de lectura":"2 minutos"},"schema":{"@context":"https:\/\/schema.org","@graph":[{"@type":"WebPage","@id":"https:\/\/krusetraining.com\/espanol\/about\/","url":"https:\/\/krusetraining.com\/espanol\/about\/","name":"The Circle of Knowledge Training Program - Kruse Training (Spanish)","isPartOf":{"@id":"https:\/\/krusetraining.com\/espanol\/#website"},"datePublished":"2017-01-23T14:52:25+00:00","dateModified":"2022-03-16T15:09:40+00:00","description":"Kruse Training is an interactive online knowledge and training system for injection molding professionals. Learn more about \"The Circle of Knowledge\"!","breadcrumb":{"@id":"https:\/\/krusetraining.com\/espanol\/about\/#breadcrumb"},"inLanguage":"es","potentialAction":[{"@type":"ReadAction","target":["https:\/\/krusetraining.com\/espanol\/about\/"]}]},{"@type":"BreadcrumbList","@id":"https:\/\/krusetraining.com\/espanol\/about\/#breadcrumb","itemListElement":[{"@type":"ListItem","position":1,"name":"Home","item":"https:\/\/krusetraining.com\/espanol\/"},{"@type":"ListItem","position":2,"name":"Kruse Training"}]},{"@type":"WebSite","@id":"https:\/\/krusetraining.com\/espanol\/#website","url":"https:\/\/krusetraining.com\/espanol\/","name":"Kruse Training (Spanish)","description":"","publisher":{"@id":"https:\/\/krusetraining.com\/espanol\/#organization"},"potentialAction":[{"@type":"SearchAction","target":{"@type":"EntryPoint","urlTemplate":"https:\/\/krusetraining.com\/espanol\/?s={search_term_string}"},"query-input":{"@type":"PropertyValueSpecification","valueRequired":true,"valueName":"search_term_string"}}],"inLanguage":"es"},{"@type":"Organization","@id":"https:\/\/krusetraining.com\/espanol\/#organization","name":"Kruse Training","url":"https:\/\/krusetraining.com\/espanol\/","logo":{"@type":"ImageObject","inLanguage":"es","@id":"https:\/\/krusetraining.com\/espanol\/#\/schema\/logo\/image\/","url":"https:\/\/krusetraining.com\/espanol\/wp-content\/uploads\/sites\/4\/2018\/06\/KT-LOGO.jpg","contentUrl":"https:\/\/krusetraining.com\/espanol\/wp-content\/uploads\/sites\/4\/2018\/06\/KT-LOGO.jpg","width":1968,"height":1411,"caption":"Kruse Training"},"image":{"@id":"https:\/\/krusetraining.com\/espanol\/#\/schema\/logo\/image\/"},"sameAs":["https:\/\/x.com\/krusetraining","https:\/\/www.linkedin.com\/in\/kruseanalysis\/","https:\/\/www.youtube.com\/channel\/UC2lPoGtSbSMB0BdRgbHm7qw"]}]}},"_links":{"self":[{"href":"https:\/\/krusetraining.com\/espanol\/wp-json\/wp\/v2\/pages\/6","targetHints":{"allow":["GET"]}}],"collection":[{"href":"https:\/\/krusetraining.com\/espanol\/wp-json\/wp\/v2\/pages"}],"about":[{"href":"https:\/\/krusetraining.com\/espanol\/wp-json\/wp\/v2\/types\/page"}],"author":[{"embeddable":true,"href":"https:\/\/krusetraining.com\/espanol\/wp-json\/wp\/v2\/users\/3"}],"replies":[{"embeddable":true,"href":"https:\/\/krusetraining.com\/espanol\/wp-json\/wp\/v2\/comments?post=6"}],"version-history":[{"count":0,"href":"https:\/\/krusetraining.com\/espanol\/wp-json\/wp\/v2\/pages\/6\/revisions"}],"wp:attachment":[{"href":"https:\/\/krusetraining.com\/espanol\/wp-json\/wp\/v2\/media?parent=6"}],"curies":[{"name":"wp","href":"https:\/\/api.w.org\/{rel}","templated":true}]}}