{"id":441,"date":"2017-10-04T17:04:34","date_gmt":"2017-10-04T21:04:34","guid":{"rendered":"https:\/\/krusetraining.wpengine.com\/?page_id=441"},"modified":"2022-02-25T14:27:33","modified_gmt":"2022-02-25T19:27:33","slug":"partners","status":"publish","type":"page","link":"https:\/\/krusetraining.com\/espanol\/partners\/","title":{"rendered":"Programas de socios"},"content":{"rendered":"<p><span style=\"color: #467081;\"><strong>Kruse se asocia con organizaciones y asociaciones l\u00edderes en la industria del moldeo por inyecci\u00f3n de pl\u00e1sticos. Adem\u00e1s, Kruse colabora con expertos en contenido y profesionales de desarrollo de negocios y capacitaci\u00f3n para promover el programa Kruse Training a nivel internacional. Consulte a continuaci\u00f3n para obtener m\u00e1s informaci\u00f3n sobre ambos programas de socios.<\/strong><\/span><\/p>\n<p>Kruse Training se enorgullece de asociarse con los siguientes l\u00edderes en la industria del moldeo por inyecci\u00f3n de pl\u00e1sticos:<\/p>\n\n<table id=\"tablepress-1\" class=\"tablepress tablepress-id-1\">\n<tbody>\n<tr class=\"row-1\">\n\t<td class=\"column-1\"><a href=\"https:\/\/amba.org\/\"><img loading=\"lazy\" decoding=\"async\" src=\"https:\/\/krusetraining.com\/espanol\/wp-content\/uploads\/sites\/4\/2020\/10\/AMBA_Logo_blue_Oct17-300x300.jpg\" alt=\"AMBA logo\" width=\"300\" height=\"300\" class=\"alignnone size-medium wp-image-2134\" srcset=\"https:\/\/krusetraining.com\/espanol\/wp-content\/uploads\/sites\/4\/2020\/10\/AMBA_Logo_blue_Oct17-300x300.jpg 300w, https:\/\/krusetraining.com\/espanol\/wp-content\/uploads\/sites\/4\/2020\/10\/AMBA_Logo_blue_Oct17-1024x1024.jpg 1024w, https:\/\/krusetraining.com\/espanol\/wp-content\/uploads\/sites\/4\/2020\/10\/AMBA_Logo_blue_Oct17-150x150.jpg 150w, https:\/\/krusetraining.com\/espanol\/wp-content\/uploads\/sites\/4\/2020\/10\/AMBA_Logo_blue_Oct17-768x768.jpg 768w, https:\/\/krusetraining.com\/espanol\/wp-content\/uploads\/sites\/4\/2020\/10\/AMBA_Logo_blue_Oct17-100x100.jpg 100w, https:\/\/krusetraining.com\/espanol\/wp-content\/uploads\/sites\/4\/2020\/10\/AMBA_Logo_blue_Oct17-50x50.jpg 50w, https:\/\/krusetraining.com\/espanol\/wp-content\/uploads\/sites\/4\/2020\/10\/AMBA_Logo_blue_Oct17.jpg 1521w\" sizes=\"auto, (max-width: 300px) 100vw, 300px\" \/><\/a><\/td><td class=\"column-2\">Administrada por l\u00edderes en la industria de fabricaci\u00f3n de moldes de los Estados Unidos, la <a href=\"https:\/\/amba.org\/\" rel=\"noopener\" target=\"_blank\">Asociaci\u00f3n Americana de Constructores de Moldes (AMBA)<\/a> se dedica a elevar la ventaja competitiva de los constructores de moldes de los Estados Unidos. Misi\u00f3n de AMBA: Proporcionar soluciones de desarrollo de la fuerza laboral, oportunidades de creaci\u00f3n de redes y evaluaci\u00f3n comparativa y promoci\u00f3n de la industria para el \u00e9xito de los miembros. <br \/>\n<br \/>\nKruse Training se enorgullece de ser socio miembro de AMBA.<br \/>\n<br \/>\n<\/td>\n<\/tr>\n<tr class=\"row-2\">\n\t<td class=\"column-1\"><a href=\"https:\/\/www.moldex3d.com\/\" rel=\"noopener\" target=\"_blank\"><img loading=\"lazy\" decoding=\"async\" src=\"https:\/\/krusetraining.com\/espanol\/wp-content\/uploads\/sites\/4\/2021\/05\/Moldex3D-Logo_transparent-Background-300x50.png\" alt=\"Moldex3D logo\" width=\"300\" height=\"50\" class=\"alignnone size-medium wp-image-2334\" srcset=\"https:\/\/krusetraining.com\/espanol\/wp-content\/uploads\/sites\/4\/2021\/05\/Moldex3D-Logo_transparent-Background-300x50.png 300w, https:\/\/krusetraining.com\/espanol\/wp-content\/uploads\/sites\/4\/2021\/05\/Moldex3D-Logo_transparent-Background-100x17.png 100w, https:\/\/krusetraining.com\/espanol\/wp-content\/uploads\/sites\/4\/2021\/05\/Moldex3D-Logo_transparent-Background.png 500w\" sizes=\"auto, (max-width: 300px) 100vw, 300px\" \/><\/a><\/td><td class=\"column-2\">Los pl\u00e1sticos juegan un papel importante en diversas industrias. <a href=\"https:\/\/www.moldex3d.com\/\" rel=\"noopener\" target=\"_blank\">Moldex3D<\/a>,una soluci\u00f3n transformadora de dise\u00f1o y validaci\u00f3n para el moldeo por inyecci\u00f3n de pl\u00e1stico, permite a las empresas maximizar su retorno de la inversi\u00f3n al tiempo que disminuye el ensayo y error. Al convertir los desaf\u00edos en oportunidades, Moldex3D ayuda a las empresas a mantenerse competitivas, rentables y \u00e1giles. <br \/>\n<br \/>\nTodas las im\u00e1genes y videos de simulaci\u00f3n para Kruse Training se crearon utilizando el software Moldex3D.<\/td>\n<\/tr>\n<tr class=\"row-3\">\n\t<td class=\"column-1\"><a href=\"https:\/\/polymers-center.org\/\" rel=\"noopener\" target=\"_blank\"><img loading=\"lazy\" decoding=\"async\" src=\"https:\/\/krusetraining.com\/espanol\/wp-content\/uploads\/sites\/4\/2021\/05\/Polymers-Logo-300x171.jpg\" alt=\"Polymer Center Logo\" width=\"300\" height=\"171\" class=\"alignnone size-medium wp-image-2332\" srcset=\"https:\/\/krusetraining.com\/espanol\/wp-content\/uploads\/sites\/4\/2021\/05\/Polymers-Logo-300x171.jpg 300w, https:\/\/krusetraining.com\/espanol\/wp-content\/uploads\/sites\/4\/2021\/05\/Polymers-Logo-1024x585.jpg 1024w, https:\/\/krusetraining.com\/espanol\/wp-content\/uploads\/sites\/4\/2021\/05\/Polymers-Logo-768x438.jpg 768w, https:\/\/krusetraining.com\/espanol\/wp-content\/uploads\/sites\/4\/2021\/05\/Polymers-Logo-100x57.jpg 100w, https:\/\/krusetraining.com\/espanol\/wp-content\/uploads\/sites\/4\/2021\/05\/Polymers-Logo-440x250.jpg 440w, https:\/\/krusetraining.com\/espanol\/wp-content\/uploads\/sites\/4\/2021\/05\/Polymers-Logo.jpg 1051w\" sizes=\"auto, (max-width: 300px) 100vw, 300px\" \/><\/a><\/td><td class=\"column-2\"><a href=\"https:\/\/polymers-center.org\/\" rel=\"noopener\" target=\"_blank\">The Polymers Center\u2019s <\/a> su misi\u00f3n es aumentar el conocimiento, proporcionar soporte t\u00e9cnico y desarrollar tecnolog\u00edas emergentes en la industria de los pol\u00edmeros. Logran esta misi\u00f3n ofreciendo ensayos de extrusi\u00f3n y composici\u00f3n, muestras de prueba de moldeo por inyecci\u00f3n, organizando cursos de capacitaci\u00f3n y seminarios de la industria, y probando pl\u00e1sticos en su laboratorio de ciencia de materiales. The Polymers Center\u2019s  apoya a empresas que van desde nuevas empresas hasta corporaciones globales, con un enfoque en el \u00e1rea de Carolina del Norte.<\/td>\n<\/tr>\n<tr class=\"row-4\">\n\t<td class=\"column-1\"><a href=\"https:\/\/www.rhlplastics.com\/\" rel=\"noopener\" target=\"_blank\"><img loading=\"lazy\" decoding=\"async\" src=\"https:\/\/krusetraining.com\/espanol\/wp-content\/uploads\/sites\/4\/2021\/08\/RHL-300x300.png\" alt=\"\" width=\"300\" height=\"300\" class=\"alignnone size-medium wp-image-2436\" srcset=\"https:\/\/krusetraining.com\/espanol\/wp-content\/uploads\/sites\/4\/2021\/08\/RHL-300x300.png 300w, https:\/\/krusetraining.com\/espanol\/wp-content\/uploads\/sites\/4\/2021\/08\/RHL-150x150.png 150w, https:\/\/krusetraining.com\/espanol\/wp-content\/uploads\/sites\/4\/2021\/08\/RHL-768x768.png 768w, https:\/\/krusetraining.com\/espanol\/wp-content\/uploads\/sites\/4\/2021\/08\/RHL-100x100.png 100w, https:\/\/krusetraining.com\/espanol\/wp-content\/uploads\/sites\/4\/2021\/08\/RHL-50x50.png 50w, https:\/\/krusetraining.com\/espanol\/wp-content\/uploads\/sites\/4\/2021\/08\/RHL.png 800w\" sizes=\"auto, (max-width: 300px) 100vw, 300px\" \/><\/a><\/td><td class=\"column-2\"><a href=\"https:\/\/www.rhlplastics.com\/\" rel=\"noopener\" target=\"_blank\">RHL Plastics<\/a> es un pionero mexicano en proporcionar consultor\u00eda, abastecimiento y capacitaci\u00f3n para extrusi\u00f3n \/ moldeo de caucho termopl\u00e1stico, termoestable y de silicona en la regi\u00f3n de California. Fundada y ubicada en Baja, CA, la misi\u00f3n de RHL Plastics es compartir conocimientos y brindar soporte t\u00e9cnico para proyectos a trav\u00e9s de todas las etapas, desde el dise\u00f1o hasta el lanzamiento de la producci\u00f3n. Aprovechan sus contactos y recursos, lo que resulta en empresas exitosas y rentables en las industrias m\u00e9dica, automotriz, alimentaria o relacionada con la industria.<\/td>\n<\/tr>\n<\/tbody>\n<\/table>\n<!-- #tablepress-1 from cache -->\n<p>________________________________________________________________________________________<\/p>\n<p><em><img loading=\"lazy\" decoding=\"async\" class=\"size-thumbnail wp-image-2408 alignright\" src=\"https:\/\/krusetraining.com\/espanol\/wp-content\/uploads\/sites\/4\/2021\/06\/partner-150x150.png\" alt=\"handshake icon\" width=\"150\" height=\"150\" srcset=\"https:\/\/krusetraining.com\/espanol\/wp-content\/uploads\/sites\/4\/2021\/06\/partner-150x150.png 150w, https:\/\/krusetraining.com\/espanol\/wp-content\/uploads\/sites\/4\/2021\/06\/partner-50x50.png 50w\" sizes=\"auto, (max-width: 150px) 100vw, 150px\" \/>Adem\u00e1s de las asociaciones y asociaciones enumeradas anteriormente, Kruse Training ofrece las siguientes oportunidades de negocio:<br \/>\n<\/em><\/p>\n<p><strong>Programa de socios de desarrollo de negocios de Kruse Training<\/strong><\/p>\n<p>Kruse Training invita a profesionales independientes de desarrollo de negocios y capacitaci\u00f3n a descubrir nuevas oportunidades de negocio utilizando nuestros materiales de capacitaci\u00f3n. Este programa es ideal para individuos u organizaciones que pueden beneficiarse de la incorporaci\u00f3n de nuestro material en sus modelos de negocio, la reventa de nuestro contenido y \/ o la realizaci\u00f3n de seminarios en persona. Si est\u00e1 interesado en discutir esta oportunidad, comun\u00edquese con <a href=\"mailto:torsten_kruse@krusetraining.com\"><strong>Torsten Kruse<\/strong><\/a>\u00a0 para obtener m\u00e1s informaci\u00f3n.<\/p>\n<p><strong>Programa de socios de contenido de formaci\u00f3n de Kruse<\/strong><\/p>\n<p>\u00bfEst\u00e1 interesado en colaborar con Kruse Training en temas de lecciones en su \u00e1rea de especializaci\u00f3n? Estamos buscando especialistas de la industria del moldeo por inyecci\u00f3n que puedan aportar sus conocimientos a los niveles avanzados del programa Kruse Training. Env\u00ede por correo electr\u00f3nico su(s) tema(s) propuesto(s) y curr\u00edculum vitae a <a href=\"mailto:torsten_kruse@krusetraining.com\"><strong>Torsten Kruse<\/strong><\/a>\u00a0 para su consideraci\u00f3n.<\/p>\n<p>&nbsp;<\/p>\n<p>&nbsp;<\/p>\n<p>&nbsp;<\/p>\n<p>&nbsp;<\/p>\n","protected":false},"excerpt":{"rendered":"<p>Kruse se asocia con organizaciones y asociaciones l\u00edderes en la industria del moldeo por inyecci\u00f3n de pl\u00e1sticos. Adem\u00e1s, Kruse colabora con expertos en contenido y profesionales de desarrollo de negocios y capacitaci\u00f3n para promover el programa Kruse Training a nivel internacional. Consulte a continuaci\u00f3n para obtener m\u00e1s informaci\u00f3n sobre ambos programas de socios. Kruse Training [&hellip;]<\/p>\n","protected":false},"author":3,"featured_media":0,"parent":0,"menu_order":0,"comment_status":"closed","ping_status":"closed","template":"","meta":{"_acf_changed":false,"om_disable_all_campaigns":false,"footnotes":""},"class_list":["post-441","page","type-page","status-publish","hentry"],"acf":[],"yoast_head":"<!-- This site is optimized with the Yoast SEO Premium plugin v27.0 (Yoast SEO v27.4) - https:\/\/yoast.com\/product\/yoast-seo-premium-wordpress\/ -->\n<title>Programas de socios - Kruse Training (Spanish)<\/title>\n<meta name=\"description\" content=\"Kruse Training proudly partners with leaders in the plastics injection molding industry. Learn more about training with the best!\" \/>\n<meta name=\"robots\" content=\"index, follow, max-snippet:-1, max-image-preview:large, max-video-preview:-1\" \/>\n<link rel=\"canonical\" href=\"https:\/\/krusetraining.com\/espanol\/partners\/\" \/>\n<meta property=\"og:locale\" content=\"es_MX\" \/>\n<meta property=\"og:type\" content=\"article\" \/>\n<meta property=\"og:title\" content=\"Programas de socios\" \/>\n<meta property=\"og:description\" content=\"Kruse Training proudly partners with leaders in the plastics injection molding industry. Learn more about training with the best!\" \/>\n<meta property=\"og:url\" content=\"https:\/\/krusetraining.com\/espanol\/partners\/\" \/>\n<meta property=\"og:site_name\" content=\"Kruse Training (Spanish)\" \/>\n<meta property=\"article:modified_time\" content=\"2022-02-25T19:27:33+00:00\" \/>\n<meta property=\"og:image\" content=\"https:\/\/krusetraining.com\/espanol\/wp-content\/uploads\/sites\/4\/2021\/06\/partner-150x150.png\" \/>\n<meta name=\"twitter:card\" content=\"summary_large_image\" \/>\n<meta name=\"twitter:site\" content=\"@krusetraining\" \/>\n<meta name=\"twitter:label1\" content=\"Tiempo de lectura\" \/>\n\t<meta name=\"twitter:data1\" content=\"2 minutos\" \/>\n<script type=\"application\/ld+json\" class=\"yoast-schema-graph\">{\"@context\":\"https:\\\/\\\/schema.org\",\"@graph\":[{\"@type\":\"WebPage\",\"@id\":\"https:\\\/\\\/krusetraining.com\\\/espanol\\\/partners\\\/\",\"url\":\"https:\\\/\\\/krusetraining.com\\\/espanol\\\/partners\\\/\",\"name\":\"Programas de socios - Kruse Training (Spanish)\",\"isPartOf\":{\"@id\":\"https:\\\/\\\/krusetraining.com\\\/espanol\\\/#website\"},\"primaryImageOfPage\":{\"@id\":\"https:\\\/\\\/krusetraining.com\\\/espanol\\\/partners\\\/#primaryimage\"},\"image\":{\"@id\":\"https:\\\/\\\/krusetraining.com\\\/espanol\\\/partners\\\/#primaryimage\"},\"thumbnailUrl\":\"https:\\\/\\\/krusetraining.com\\\/espanol\\\/wp-content\\\/uploads\\\/sites\\\/4\\\/2021\\\/06\\\/partner-150x150.png\",\"datePublished\":\"2017-10-04T21:04:34+00:00\",\"dateModified\":\"2022-02-25T19:27:33+00:00\",\"description\":\"Kruse Training proudly partners with leaders in the plastics injection molding industry. Learn more about training with the best!\",\"breadcrumb\":{\"@id\":\"https:\\\/\\\/krusetraining.com\\\/espanol\\\/partners\\\/#breadcrumb\"},\"inLanguage\":\"es\",\"potentialAction\":[{\"@type\":\"ReadAction\",\"target\":[\"https:\\\/\\\/krusetraining.com\\\/espanol\\\/partners\\\/\"]}]},{\"@type\":\"ImageObject\",\"inLanguage\":\"es\",\"@id\":\"https:\\\/\\\/krusetraining.com\\\/espanol\\\/partners\\\/#primaryimage\",\"url\":\"https:\\\/\\\/krusetraining.com\\\/espanol\\\/wp-content\\\/uploads\\\/sites\\\/4\\\/2021\\\/06\\\/partner.png\",\"contentUrl\":\"https:\\\/\\\/krusetraining.com\\\/espanol\\\/wp-content\\\/uploads\\\/sites\\\/4\\\/2021\\\/06\\\/partner.png\",\"width\":762,\"height\":748,\"caption\":\"handshake icon\"},{\"@type\":\"BreadcrumbList\",\"@id\":\"https:\\\/\\\/krusetraining.com\\\/espanol\\\/partners\\\/#breadcrumb\",\"itemListElement\":[{\"@type\":\"ListItem\",\"position\":1,\"name\":\"Home\",\"item\":\"https:\\\/\\\/krusetraining.com\\\/espanol\\\/\"},{\"@type\":\"ListItem\",\"position\":2,\"name\":\"Programas de socios\"}]},{\"@type\":\"WebSite\",\"@id\":\"https:\\\/\\\/krusetraining.com\\\/espanol\\\/#website\",\"url\":\"https:\\\/\\\/krusetraining.com\\\/espanol\\\/\",\"name\":\"Kruse Training (Spanish)\",\"description\":\"\",\"publisher\":{\"@id\":\"https:\\\/\\\/krusetraining.com\\\/espanol\\\/#organization\"},\"potentialAction\":[{\"@type\":\"SearchAction\",\"target\":{\"@type\":\"EntryPoint\",\"urlTemplate\":\"https:\\\/\\\/krusetraining.com\\\/espanol\\\/?s={search_term_string}\"},\"query-input\":{\"@type\":\"PropertyValueSpecification\",\"valueRequired\":true,\"valueName\":\"search_term_string\"}}],\"inLanguage\":\"es\"},{\"@type\":\"Organization\",\"@id\":\"https:\\\/\\\/krusetraining.com\\\/espanol\\\/#organization\",\"name\":\"Kruse Training\",\"url\":\"https:\\\/\\\/krusetraining.com\\\/espanol\\\/\",\"logo\":{\"@type\":\"ImageObject\",\"inLanguage\":\"es\",\"@id\":\"https:\\\/\\\/krusetraining.com\\\/espanol\\\/#\\\/schema\\\/logo\\\/image\\\/\",\"url\":\"https:\\\/\\\/krusetraining.com\\\/espanol\\\/wp-content\\\/uploads\\\/sites\\\/4\\\/2018\\\/06\\\/KT-LOGO.jpg\",\"contentUrl\":\"https:\\\/\\\/krusetraining.com\\\/espanol\\\/wp-content\\\/uploads\\\/sites\\\/4\\\/2018\\\/06\\\/KT-LOGO.jpg\",\"width\":1968,\"height\":1411,\"caption\":\"Kruse Training\"},\"image\":{\"@id\":\"https:\\\/\\\/krusetraining.com\\\/espanol\\\/#\\\/schema\\\/logo\\\/image\\\/\"},\"sameAs\":[\"https:\\\/\\\/x.com\\\/krusetraining\",\"https:\\\/\\\/www.linkedin.com\\\/in\\\/kruseanalysis\\\/\",\"https:\\\/\\\/www.youtube.com\\\/channel\\\/UC2lPoGtSbSMB0BdRgbHm7qw\"]}]}<\/script>\n<!-- \/ Yoast SEO Premium plugin. -->","yoast_head_json":{"title":"Programas de socios - Kruse Training (Spanish)","description":"Kruse Training proudly partners with leaders in the plastics injection molding industry. Learn more about training with the best!","robots":{"index":"index","follow":"follow","max-snippet":"max-snippet:-1","max-image-preview":"max-image-preview:large","max-video-preview":"max-video-preview:-1"},"canonical":"https:\/\/krusetraining.com\/espanol\/partners\/","og_locale":"es_MX","og_type":"article","og_title":"Programas de socios","og_description":"Kruse Training proudly partners with leaders in the plastics injection molding industry. Learn more about training with the best!","og_url":"https:\/\/krusetraining.com\/espanol\/partners\/","og_site_name":"Kruse Training (Spanish)","article_modified_time":"2022-02-25T19:27:33+00:00","og_image":[{"url":"https:\/\/krusetraining.com\/espanol\/wp-content\/uploads\/sites\/4\/2021\/06\/partner-150x150.png","type":"","width":"","height":""}],"twitter_card":"summary_large_image","twitter_site":"@krusetraining","twitter_misc":{"Tiempo de lectura":"2 minutos"},"schema":{"@context":"https:\/\/schema.org","@graph":[{"@type":"WebPage","@id":"https:\/\/krusetraining.com\/espanol\/partners\/","url":"https:\/\/krusetraining.com\/espanol\/partners\/","name":"Programas de socios - Kruse Training (Spanish)","isPartOf":{"@id":"https:\/\/krusetraining.com\/espanol\/#website"},"primaryImageOfPage":{"@id":"https:\/\/krusetraining.com\/espanol\/partners\/#primaryimage"},"image":{"@id":"https:\/\/krusetraining.com\/espanol\/partners\/#primaryimage"},"thumbnailUrl":"https:\/\/krusetraining.com\/espanol\/wp-content\/uploads\/sites\/4\/2021\/06\/partner-150x150.png","datePublished":"2017-10-04T21:04:34+00:00","dateModified":"2022-02-25T19:27:33+00:00","description":"Kruse Training proudly partners with leaders in the plastics injection molding industry. Learn more about training with the best!","breadcrumb":{"@id":"https:\/\/krusetraining.com\/espanol\/partners\/#breadcrumb"},"inLanguage":"es","potentialAction":[{"@type":"ReadAction","target":["https:\/\/krusetraining.com\/espanol\/partners\/"]}]},{"@type":"ImageObject","inLanguage":"es","@id":"https:\/\/krusetraining.com\/espanol\/partners\/#primaryimage","url":"https:\/\/krusetraining.com\/espanol\/wp-content\/uploads\/sites\/4\/2021\/06\/partner.png","contentUrl":"https:\/\/krusetraining.com\/espanol\/wp-content\/uploads\/sites\/4\/2021\/06\/partner.png","width":762,"height":748,"caption":"handshake icon"},{"@type":"BreadcrumbList","@id":"https:\/\/krusetraining.com\/espanol\/partners\/#breadcrumb","itemListElement":[{"@type":"ListItem","position":1,"name":"Home","item":"https:\/\/krusetraining.com\/espanol\/"},{"@type":"ListItem","position":2,"name":"Programas de socios"}]},{"@type":"WebSite","@id":"https:\/\/krusetraining.com\/espanol\/#website","url":"https:\/\/krusetraining.com\/espanol\/","name":"Kruse Training (Spanish)","description":"","publisher":{"@id":"https:\/\/krusetraining.com\/espanol\/#organization"},"potentialAction":[{"@type":"SearchAction","target":{"@type":"EntryPoint","urlTemplate":"https:\/\/krusetraining.com\/espanol\/?s={search_term_string}"},"query-input":{"@type":"PropertyValueSpecification","valueRequired":true,"valueName":"search_term_string"}}],"inLanguage":"es"},{"@type":"Organization","@id":"https:\/\/krusetraining.com\/espanol\/#organization","name":"Kruse Training","url":"https:\/\/krusetraining.com\/espanol\/","logo":{"@type":"ImageObject","inLanguage":"es","@id":"https:\/\/krusetraining.com\/espanol\/#\/schema\/logo\/image\/","url":"https:\/\/krusetraining.com\/espanol\/wp-content\/uploads\/sites\/4\/2018\/06\/KT-LOGO.jpg","contentUrl":"https:\/\/krusetraining.com\/espanol\/wp-content\/uploads\/sites\/4\/2018\/06\/KT-LOGO.jpg","width":1968,"height":1411,"caption":"Kruse Training"},"image":{"@id":"https:\/\/krusetraining.com\/espanol\/#\/schema\/logo\/image\/"},"sameAs":["https:\/\/x.com\/krusetraining","https:\/\/www.linkedin.com\/in\/kruseanalysis\/","https:\/\/www.youtube.com\/channel\/UC2lPoGtSbSMB0BdRgbHm7qw"]}]}},"_links":{"self":[{"href":"https:\/\/krusetraining.com\/espanol\/wp-json\/wp\/v2\/pages\/441","targetHints":{"allow":["GET"]}}],"collection":[{"href":"https:\/\/krusetraining.com\/espanol\/wp-json\/wp\/v2\/pages"}],"about":[{"href":"https:\/\/krusetraining.com\/espanol\/wp-json\/wp\/v2\/types\/page"}],"author":[{"embeddable":true,"href":"https:\/\/krusetraining.com\/espanol\/wp-json\/wp\/v2\/users\/3"}],"replies":[{"embeddable":true,"href":"https:\/\/krusetraining.com\/espanol\/wp-json\/wp\/v2\/comments?post=441"}],"version-history":[{"count":0,"href":"https:\/\/krusetraining.com\/espanol\/wp-json\/wp\/v2\/pages\/441\/revisions"}],"wp:attachment":[{"href":"https:\/\/krusetraining.com\/espanol\/wp-json\/wp\/v2\/media?parent=441"}],"curies":[{"name":"wp","href":"https:\/\/api.w.org\/{rel}","templated":true}]}}