{"id":400,"date":"2017-08-17T11:18:15","date_gmt":"2017-08-17T15:18:15","guid":{"rendered":"https:\/\/krusetraining.wpengine.com\/?page_id=400"},"modified":"2022-03-23T15:24:46","modified_gmt":"2022-03-23T19:24:46","slug":"subscribe","status":"publish","type":"page","link":"https:\/\/krusetraining.com\/espanol\/subscribe\/","title":{"rendered":"Precios del programa"},"content":{"rendered":"<p>&nbsp;<\/p>\n<p style=\"text-align: center;\"><strong>Opciones de precios para Licencias individuales y corporativas multiusuarios<\/strong><em><strong><br \/>\n<\/strong><\/em><\/p>\n<p>Kruse Training es un programa en l\u00ednea que brinda capacitaci\u00f3n a ingenieros de moldeo por inyecci\u00f3n. Debido al enfoque multinivel del programa, Kruse Training es una herramienta valiosa para una amplia gama de profesionales, desde ingenieros principiantes hasta ingenieros experimentados. Kruse Training est\u00e1 dise\u00f1ado para dise\u00f1adores de piezas y moldes, fabricantes de moldes y moldeadores, b\u00e1sicamente todos en la industria del moldeo por inyecci\u00f3n.<\/p>\n<p><em>Ni el tiempo ni el compromiso financiero son prohibitivos, lo que permite una mayor eficiencia para su empresa y mayores oportunidades de aprendizaje para el individuo.<\/em><\/p>\n<p><span style=\"color: #c7202f;\"><strong>Las lecciones individuales est\u00e1n disponibles por $40 con acceso ilimitado durante seis (6) meses. No se requiere licencia para comprar lecciones individuales.<\/strong><\/span><\/p>\n<p>Kruse Training ofrece dos opciones b\u00e1sicas de licencia: una licencia anual y una licencia flexible para organizaciones m\u00e1s grandes. Kruse tambi\u00e9n puede acomodar solicitudes personalizadas basadas en las necesidades espec\u00edficas de una organizaci\u00f3n. Las opciones se describen a continuaci\u00f3n.<\/p>\n<p><strong>OPCI\u00d3N DE LICENCIA ANUAL:<\/strong><\/p>\n<p>La siguiente tabla describe los precios individuales y grupales durante un a\u00f1o. Esta licencia proporciona acceso ilimitado a todos los materiales de Kruse Training. Cada usuario tiene una cuenta dedicada y mantiene esa cuenta durante la duraci\u00f3n de la licencia. Todos los usuarios son elegibles para la certificaci\u00f3n al completar cada nivel y aprobar la calificaci\u00f3n del examen final.<\/p>\n<table border=\"1\">\n<tbody>\n<tr>\n<td style=\"text-align: center;\" width=\"75\"><strong>Usuarios<\/strong><\/td>\n<td style=\"text-align: center;\" width=\"175\"><strong>Costo anual total<\/strong><\/td>\n<td style=\"text-align: center;\" width=\"175\">\n<table>\n<tbody>\n<tr>\n<td width=\"175\"><strong>Costo anual individual total<\/strong><\/td>\n<\/tr>\n<\/tbody>\n<\/table>\n<\/td>\n<td style=\"text-align: center;\" width=\"160\">\n<table>\n<tbody>\n<tr>\n<td width=\"160\"><strong>Costo individual por dia<\/strong><\/td>\n<\/tr>\n<\/tbody>\n<\/table>\n<\/td>\n<\/tr>\n<tr>\n<td style=\"text-align: center;\" width=\"75\">1<\/td>\n<td style=\"text-align: center;\" width=\"175\">$1,800.00<\/td>\n<td style=\"text-align: center;\" width=\"175\">$1,800.00<\/td>\n<td style=\"text-align: center;\" width=\"165\">$4.93<\/td>\n<\/tr>\n<tr>\n<td style=\"text-align: center;\" width=\"75\">2<\/td>\n<td style=\"text-align: center;\" width=\"175\">$2,500.00<\/td>\n<td style=\"text-align: center;\" width=\"175\">$1,250.00<\/td>\n<td style=\"text-align: center;\" width=\"165\">$3.42<\/td>\n<\/tr>\n<tr>\n<td style=\"text-align: center;\" width=\"75\">3<\/td>\n<td style=\"text-align: center;\" width=\"175\">$3,750.00<\/td>\n<td style=\"text-align: center;\" width=\"175\">$1,250.00<\/td>\n<td style=\"text-align: center;\" width=\"165\">$3.42<\/td>\n<\/tr>\n<tr>\n<td style=\"text-align: center;\" width=\"75\">4<\/td>\n<td style=\"text-align: center;\" width=\"175\">$5,000.00<\/td>\n<td style=\"text-align: center;\" width=\"175\">$1,250.00<\/td>\n<td style=\"text-align: center;\" width=\"165\">$3.42<\/td>\n<\/tr>\n<tr>\n<td style=\"text-align: center;\" width=\"75\">5<\/td>\n<td style=\"text-align: center;\" width=\"175\">$6,000.00<\/td>\n<td style=\"text-align: center;\" width=\"175\">$1,200.00<\/td>\n<td style=\"text-align: center;\" width=\"165\">$3.29<\/td>\n<\/tr>\n<tr>\n<td style=\"text-align: center;\" width=\"75\">10<\/td>\n<td style=\"text-align: center;\" width=\"175\">$9,000.00<\/td>\n<td style=\"text-align: center;\" width=\"175\">$900.00<\/td>\n<td style=\"text-align: center;\" width=\"165\">$2.47<\/td>\n<\/tr>\n<tr>\n<td style=\"text-align: center;\" width=\"75\">25<\/td>\n<td style=\"text-align: center;\" width=\"175\">$15,000.00<\/td>\n<td style=\"text-align: center;\" width=\"175\">$600.00<\/td>\n<td style=\"text-align: center;\" width=\"165\">$1.64<\/td>\n<\/tr>\n<tr>\n<td style=\"text-align: center;\" width=\"72\">50<\/td>\n<td style=\"text-align: center;\" width=\"159\">$20,000.00<\/td>\n<td style=\"text-align: center;\" width=\"159\">$400.00<\/td>\n<td style=\"text-align: center;\" width=\"165\">$1.10<\/td>\n<\/tr>\n<\/tbody>\n<\/table>\n<p>&nbsp;<\/p>\n<hr \/>\n<p><strong>OPCI\u00d3N DE LICENCIA FLEXIBLE:<\/strong><\/p>\n<p>El programa de licencia flexible de dos a\u00f1os est\u00e1 dise\u00f1ado para mitigar los costos de capacitaci\u00f3n para organizaciones con grandes equipos de ingenier\u00eda.\u00a0 La licencia flexible otorga que la cuenta de cada usuario se reasigne a otro ingeniero cada seis meses. Si bien cada usuario tiene su cuenta dedicada, son elegibles para la certificaci\u00f3n al completar cada nivel y aprobar la calificaci\u00f3n del examen final.<\/p>\n<table border=\"1\">\n<tbody>\n<tr>\n<td style=\"text-align: center;\" width=\"70\">\n<table>\n<tbody>\n<tr>\n<td width=\"67\"><strong>Usuarios iniciales<\/strong><\/td>\n<\/tr>\n<\/tbody>\n<\/table>\n<\/td>\n<td style=\"text-align: center;\" width=\"70\">\n<table>\n<tbody>\n<tr>\n<td width=\"67\"><strong>Total de usuarios<\/strong><\/td>\n<\/tr>\n<\/tbody>\n<\/table>\n<\/td>\n<td style=\"text-align: center;\" width=\"90\"><strong>A\u00f1os<\/strong><\/td>\n<td style=\"text-align: center;\" width=\"115\">\n<table>\n<tbody>\n<tr>\n<td width=\"108\"><strong>Costo Total<\/strong><\/td>\n<\/tr>\n<\/tbody>\n<\/table>\n<\/td>\n<td style=\"text-align: center;\" width=\"170\">\n<table>\n<tbody>\n<tr>\n<td width=\"152\"><strong>Costo total individual<\/strong><\/td>\n<\/tr>\n<\/tbody>\n<\/table>\n<\/td>\n<td style=\"text-align: center;\" width=\"165\">\n<table>\n<tbody>\n<tr>\n<td width=\"148\"><strong>Costo individual por d\u00eda<\/strong><\/td>\n<\/tr>\n<\/tbody>\n<\/table>\n<\/td>\n<\/tr>\n<tr>\n<td style=\"text-align: center;\" width=\"70\">10<\/td>\n<td style=\"text-align: center;\" width=\"70\">40<\/td>\n<td style=\"text-align: center;\" width=\"90\">2<\/td>\n<td style=\"text-align: center;\" width=\"115\">$18,000.00<\/td>\n<td style=\"text-align: center;\" width=\"170\">$450.00<\/td>\n<td style=\"text-align: center;\" width=\"165\">$1.23<\/td>\n<\/tr>\n<tr>\n<td style=\"text-align: center;\" width=\"70\">25<\/td>\n<td style=\"text-align: center;\" width=\"70\">100<\/td>\n<td style=\"text-align: center;\" width=\"90\">2<\/td>\n<td style=\"text-align: center;\" width=\"115\">$30,000.00<\/td>\n<td style=\"text-align: center;\" width=\"170\">$300.00<\/td>\n<td style=\"text-align: center;\" width=\"165\">$0.82<\/td>\n<\/tr>\n<tr>\n<td style=\"text-align: center;\" width=\"70\">50<\/td>\n<td style=\"text-align: center;\" width=\"70\">200<\/td>\n<td style=\"text-align: center;\" width=\"90\">2<\/td>\n<td style=\"text-align: center;\" width=\"115\">$40,000.00<\/td>\n<td style=\"text-align: center;\" width=\"170\">$200.00<\/td>\n<td style=\"text-align: center;\" width=\"165\">$0.55<\/td>\n<\/tr>\n<\/tbody>\n<\/table>\n<p><strong>\u00a0<\/strong><\/p>\n<ul>\n<li>Una licencia flexible de 10 usuarios permite a 40 usuarios completar el programa en un per\u00edodo de 2 a\u00f1os (10 usuarios cada 6 meses)<\/li>\n<li>Una licencia flexible de 25 usuarios permite a 100 usuarios completar el programa en un per\u00edodo de 2 a\u00f1os (25 usuarios cada 6 meses)<\/li>\n<li>Una licencia flexible de 50 usuarios permite a 200 usuarios completar el programa en un per\u00edodo de 2 a\u00f1os (50 usuarios cada 6 meses)<\/li>\n<\/ul>\n<hr \/>\n<p><strong>PROGRAMA B\u00c1SICO DE LICENCIAS CORPORATIVAS:<\/strong><\/p>\n<p>Este es un programa de licencias de dos a\u00f1os * que proporciona sitios web dedicados y personalizados para las empresas, que reflejan su identidad corporativa y marca. Las opciones incluidas en el paquete b\u00e1sico de licencias corporativas incluyen:<\/p>\n<ul>\n<li>Animaciones que se pueden mantener tal cual, eliminar o modificar con videos proporcionados por el cliente<\/li>\n<li>Opciones de enlace\/contenido: todos los enlaces y contenido relacionado (por ejemplo. &#8220;Certificaci\u00f3n&#8221;, &#8220;Blog&#8221;, &#8220;Seminarios&#8221;, etc.) puede permanecer activo y visible o estar oculto, dependiendo de la preferencia del cliente<\/li>\n<li>La marca y las actividades de Kruse Training no ser\u00e1n visibles para los clientes corporativos a menos que lo solicite el cliente<\/li>\n<li>Certificaci\u00f3n personalizada con certificado final que incorpora Kruse Training y el logotipo del cliente<\/li>\n<li>Nuevas lecciones cargadas en el sitio corporativo a medida que est\u00e1n disponibles en Kruse Training<\/li>\n<\/ul>\n<table border=\"1\">\n<tbody>\n<tr>\n<td style=\"text-align: center;\" width=\"70\"><strong>Usuarios<\/strong><\/td>\n<td style=\"text-align: center;\" width=\"90\"><strong>A\u00f1os<\/strong><\/td>\n<td style=\"text-align: center;\" width=\"115\"><strong>Costo Total<\/strong><\/td>\n<td style=\"text-align: center;\" width=\"170\"><strong>Costo individual <\/strong><br \/>\n<strong>total por a\u00f1o<\/strong><\/td>\n<td style=\"text-align: center;\" width=\"165\"><strong>Costo individual <\/strong><br \/>\n<strong>por d\u00eda<\/strong><\/td>\n<\/tr>\n<tr>\n<td style=\"text-align: center;\" width=\"70\">100<\/td>\n<td style=\"text-align: center;\" width=\"90\">1<\/td>\n<td style=\"text-align: center;\" width=\"115\">$30,000.00<\/td>\n<td style=\"text-align: center;\" width=\"170\">$300.00<\/td>\n<td style=\"text-align: center;\" width=\"165\">$0.82<\/td>\n<\/tr>\n<tr>\n<td style=\"text-align: center;\" width=\"70\">200<\/td>\n<td style=\"text-align: center;\" width=\"90\">1<\/td>\n<td style=\"text-align: center;\" width=\"115\">$40,000.00<\/td>\n<td style=\"text-align: center;\" width=\"170\">$200.00<\/td>\n<td style=\"text-align: center;\" width=\"165\">$0.55<\/td>\n<\/tr>\n<tr>\n<td style=\"text-align: center;\" width=\"70\">400<\/td>\n<td style=\"text-align: center;\" width=\"90\">1<\/td>\n<td style=\"text-align: center;\" width=\"115\">$60,000.00<\/td>\n<td style=\"text-align: center;\" width=\"170\">$150.00<\/td>\n<td style=\"text-align: center;\" width=\"165\">$0.41<\/td>\n<\/tr>\n<\/tbody>\n<\/table>\n<p>&nbsp;<\/p>\n<p><em>*Se requiere un m\u00ednimo de un compromiso de licencia de 2 a\u00f1os.<\/em><\/p>\n<p><strong>Opciones adicionales de desarrollo de sitios web personalizados (precios disponibles bajo petici\u00f3n)<\/strong><\/p>\n<ol>\n<li>Animaciones de portada personalizadas<\/li>\n<li>Animaciones personalizadas de introducci\u00f3n y finalizaci\u00f3n de la lecci\u00f3n<\/li>\n<li>Integraci\u00f3n de archivos de notas del producto de colaboraci\u00f3n<\/li>\n<\/ol>\n<hr \/>\n<p><strong>PROGRAMAS DE LICENCIA PERSONALIZADOS<\/strong><\/p>\n<p>The Kruse Training Flexible Learning Management license structure (F-LMS) El entrenamiento de Kruse estructura de licencias de Gesti\u00f3n de aprendizaje flexible puede adaptarse a una variedad de solicitudes de licencias espec\u00edficas de la empresa.\u00a0 Tanto para las organizaciones nacionales como internacionales de los Estados Unidos con m\u00faltiples sitios, Kruse Training se puede personalizar para cumplir con los requisitos de capacitaci\u00f3n corporativa. Kruse F-LMS puede configurar supervisores de capacitaci\u00f3n espec\u00edficos del sitio, as\u00ed como roles de administrador de capacitaci\u00f3n corporativa en todo el mundo.<\/p>\n<hr \/>\n<p style=\"font-weight: 400;\"><strong>PROGRAMAS EDUCATIVOS<\/strong><\/p>\n<p style=\"font-weight: 400;\">Kruse Training ahora ofrece precios especiales a colegios y universidades. Nuestro programa de educaci\u00f3n base proporciona acceso ilimitado a los miembros de la facultad\u00a0para la ense\u00f1anza en el aula. Los estudiantes tambi\u00e9n pueden comprar acceso ilimitado por una tarifa nominal. Actualmente estamos ofreciendo una tarifa anual de\u00a0$ 1,000 por miembro de la facultad. El precio de los estudiantes es de $ 250 \/ anual.<\/p>\n","protected":false},"excerpt":{"rendered":"<p>&nbsp; Opciones de precios para Licencias individuales y corporativas multiusuarios Kruse Training es un programa en l\u00ednea que brinda capacitaci\u00f3n a ingenieros de moldeo por inyecci\u00f3n. Debido al enfoque multinivel del programa, Kruse Training es una herramienta valiosa para una amplia gama de profesionales, desde ingenieros principiantes hasta ingenieros experimentados. Kruse Training est\u00e1 dise\u00f1ado para [&hellip;]<\/p>\n","protected":false},"author":3,"featured_media":0,"parent":0,"menu_order":0,"comment_status":"closed","ping_status":"closed","template":"template-join.php","meta":{"_acf_changed":false,"om_disable_all_campaigns":false,"footnotes":""},"class_list":["post-400","page","type-page","status-publish","hentry"],"acf":[],"yoast_head":"<!-- This site is optimized with the Yoast SEO Premium plugin v27.4 (Yoast SEO v27.5) - https:\/\/yoast.com\/product\/yoast-seo-premium-wordpress\/ -->\n<title>Precios del programa for Online Injection Molding Training - Kruse Training (Spanish)<\/title>\n<meta name=\"description\" content=\"Basic and advanced training for plastics injection molding professionals. Subscribe for unlimited online access to full library of lessons.\" \/>\n<meta name=\"robots\" content=\"index, follow, max-snippet:-1, max-image-preview:large, max-video-preview:-1\" \/>\n<link rel=\"canonical\" href=\"https:\/\/krusetraining.com\/espanol\/subscribe\/\" \/>\n<meta property=\"og:locale\" content=\"es_MX\" \/>\n<meta property=\"og:type\" content=\"article\" \/>\n<meta property=\"og:title\" content=\"Precios del programa\" \/>\n<meta property=\"og:description\" content=\"Basic and advanced training for plastics injection molding professionals. Subscribe for unlimited online access to full library of lessons.\" \/>\n<meta property=\"og:url\" content=\"https:\/\/krusetraining.com\/espanol\/subscribe\/\" \/>\n<meta property=\"og:site_name\" content=\"Kruse Training (Spanish)\" \/>\n<meta property=\"article:modified_time\" content=\"2022-03-23T19:24:46+00:00\" \/>\n<meta name=\"twitter:card\" content=\"summary_large_image\" \/>\n<meta name=\"twitter:site\" content=\"@krusetraining\" \/>\n<meta name=\"twitter:label1\" content=\"Tiempo de lectura\" \/>\n\t<meta name=\"twitter:data1\" content=\"4 minutos\" \/>\n<script type=\"application\/ld+json\" class=\"yoast-schema-graph\">{\"@context\":\"https:\\\/\\\/schema.org\",\"@graph\":[{\"@type\":\"WebPage\",\"@id\":\"https:\\\/\\\/krusetraining.com\\\/espanol\\\/subscribe\\\/\",\"url\":\"https:\\\/\\\/krusetraining.com\\\/espanol\\\/subscribe\\\/\",\"name\":\"Precios del programa for Online Injection Molding Training - Kruse Training (Spanish)\",\"isPartOf\":{\"@id\":\"https:\\\/\\\/krusetraining.com\\\/espanol\\\/#website\"},\"datePublished\":\"2017-08-17T15:18:15+00:00\",\"dateModified\":\"2022-03-23T19:24:46+00:00\",\"description\":\"Basic and advanced training for plastics injection molding professionals. Subscribe for unlimited online access to full library of lessons.\",\"breadcrumb\":{\"@id\":\"https:\\\/\\\/krusetraining.com\\\/espanol\\\/subscribe\\\/#breadcrumb\"},\"inLanguage\":\"es\",\"potentialAction\":[{\"@type\":\"ReadAction\",\"target\":[\"https:\\\/\\\/krusetraining.com\\\/espanol\\\/subscribe\\\/\"]}]},{\"@type\":\"BreadcrumbList\",\"@id\":\"https:\\\/\\\/krusetraining.com\\\/espanol\\\/subscribe\\\/#breadcrumb\",\"itemListElement\":[{\"@type\":\"ListItem\",\"position\":1,\"name\":\"Home\",\"item\":\"https:\\\/\\\/krusetraining.com\\\/espanol\\\/\"},{\"@type\":\"ListItem\",\"position\":2,\"name\":\"Precios del programa\"}]},{\"@type\":\"WebSite\",\"@id\":\"https:\\\/\\\/krusetraining.com\\\/espanol\\\/#website\",\"url\":\"https:\\\/\\\/krusetraining.com\\\/espanol\\\/\",\"name\":\"Kruse Training (Spanish)\",\"description\":\"\",\"publisher\":{\"@id\":\"https:\\\/\\\/krusetraining.com\\\/espanol\\\/#organization\"},\"potentialAction\":[{\"@type\":\"SearchAction\",\"target\":{\"@type\":\"EntryPoint\",\"urlTemplate\":\"https:\\\/\\\/krusetraining.com\\\/espanol\\\/?s={search_term_string}\"},\"query-input\":{\"@type\":\"PropertyValueSpecification\",\"valueRequired\":true,\"valueName\":\"search_term_string\"}}],\"inLanguage\":\"es\"},{\"@type\":\"Organization\",\"@id\":\"https:\\\/\\\/krusetraining.com\\\/espanol\\\/#organization\",\"name\":\"Kruse Training\",\"url\":\"https:\\\/\\\/krusetraining.com\\\/espanol\\\/\",\"logo\":{\"@type\":\"ImageObject\",\"inLanguage\":\"es\",\"@id\":\"https:\\\/\\\/krusetraining.com\\\/espanol\\\/#\\\/schema\\\/logo\\\/image\\\/\",\"url\":\"https:\\\/\\\/krusetraining.com\\\/espanol\\\/wp-content\\\/uploads\\\/sites\\\/4\\\/2018\\\/06\\\/KT-LOGO.jpg\",\"contentUrl\":\"https:\\\/\\\/krusetraining.com\\\/espanol\\\/wp-content\\\/uploads\\\/sites\\\/4\\\/2018\\\/06\\\/KT-LOGO.jpg\",\"width\":1968,\"height\":1411,\"caption\":\"Kruse Training\"},\"image\":{\"@id\":\"https:\\\/\\\/krusetraining.com\\\/espanol\\\/#\\\/schema\\\/logo\\\/image\\\/\"},\"sameAs\":[\"https:\\\/\\\/x.com\\\/krusetraining\",\"https:\\\/\\\/www.linkedin.com\\\/in\\\/kruseanalysis\\\/\",\"https:\\\/\\\/www.youtube.com\\\/channel\\\/UC2lPoGtSbSMB0BdRgbHm7qw\"]}]}<\/script>\n<!-- \/ Yoast SEO Premium plugin. -->","yoast_head_json":{"title":"Precios del programa for Online Injection Molding Training - Kruse Training (Spanish)","description":"Basic and advanced training for plastics injection molding professionals. Subscribe for unlimited online access to full library of lessons.","robots":{"index":"index","follow":"follow","max-snippet":"max-snippet:-1","max-image-preview":"max-image-preview:large","max-video-preview":"max-video-preview:-1"},"canonical":"https:\/\/krusetraining.com\/espanol\/subscribe\/","og_locale":"es_MX","og_type":"article","og_title":"Precios del programa","og_description":"Basic and advanced training for plastics injection molding professionals. Subscribe for unlimited online access to full library of lessons.","og_url":"https:\/\/krusetraining.com\/espanol\/subscribe\/","og_site_name":"Kruse Training (Spanish)","article_modified_time":"2022-03-23T19:24:46+00:00","twitter_card":"summary_large_image","twitter_site":"@krusetraining","twitter_misc":{"Tiempo de lectura":"4 minutos"},"schema":{"@context":"https:\/\/schema.org","@graph":[{"@type":"WebPage","@id":"https:\/\/krusetraining.com\/espanol\/subscribe\/","url":"https:\/\/krusetraining.com\/espanol\/subscribe\/","name":"Precios del programa for Online Injection Molding Training - Kruse Training (Spanish)","isPartOf":{"@id":"https:\/\/krusetraining.com\/espanol\/#website"},"datePublished":"2017-08-17T15:18:15+00:00","dateModified":"2022-03-23T19:24:46+00:00","description":"Basic and advanced training for plastics injection molding professionals. Subscribe for unlimited online access to full library of lessons.","breadcrumb":{"@id":"https:\/\/krusetraining.com\/espanol\/subscribe\/#breadcrumb"},"inLanguage":"es","potentialAction":[{"@type":"ReadAction","target":["https:\/\/krusetraining.com\/espanol\/subscribe\/"]}]},{"@type":"BreadcrumbList","@id":"https:\/\/krusetraining.com\/espanol\/subscribe\/#breadcrumb","itemListElement":[{"@type":"ListItem","position":1,"name":"Home","item":"https:\/\/krusetraining.com\/espanol\/"},{"@type":"ListItem","position":2,"name":"Precios del programa"}]},{"@type":"WebSite","@id":"https:\/\/krusetraining.com\/espanol\/#website","url":"https:\/\/krusetraining.com\/espanol\/","name":"Kruse Training (Spanish)","description":"","publisher":{"@id":"https:\/\/krusetraining.com\/espanol\/#organization"},"potentialAction":[{"@type":"SearchAction","target":{"@type":"EntryPoint","urlTemplate":"https:\/\/krusetraining.com\/espanol\/?s={search_term_string}"},"query-input":{"@type":"PropertyValueSpecification","valueRequired":true,"valueName":"search_term_string"}}],"inLanguage":"es"},{"@type":"Organization","@id":"https:\/\/krusetraining.com\/espanol\/#organization","name":"Kruse Training","url":"https:\/\/krusetraining.com\/espanol\/","logo":{"@type":"ImageObject","inLanguage":"es","@id":"https:\/\/krusetraining.com\/espanol\/#\/schema\/logo\/image\/","url":"https:\/\/krusetraining.com\/espanol\/wp-content\/uploads\/sites\/4\/2018\/06\/KT-LOGO.jpg","contentUrl":"https:\/\/krusetraining.com\/espanol\/wp-content\/uploads\/sites\/4\/2018\/06\/KT-LOGO.jpg","width":1968,"height":1411,"caption":"Kruse Training"},"image":{"@id":"https:\/\/krusetraining.com\/espanol\/#\/schema\/logo\/image\/"},"sameAs":["https:\/\/x.com\/krusetraining","https:\/\/www.linkedin.com\/in\/kruseanalysis\/","https:\/\/www.youtube.com\/channel\/UC2lPoGtSbSMB0BdRgbHm7qw"]}]}},"_links":{"self":[{"href":"https:\/\/krusetraining.com\/espanol\/wp-json\/wp\/v2\/pages\/400","targetHints":{"allow":["GET"]}}],"collection":[{"href":"https:\/\/krusetraining.com\/espanol\/wp-json\/wp\/v2\/pages"}],"about":[{"href":"https:\/\/krusetraining.com\/espanol\/wp-json\/wp\/v2\/types\/page"}],"author":[{"embeddable":true,"href":"https:\/\/krusetraining.com\/espanol\/wp-json\/wp\/v2\/users\/3"}],"replies":[{"embeddable":true,"href":"https:\/\/krusetraining.com\/espanol\/wp-json\/wp\/v2\/comments?post=400"}],"version-history":[{"count":0,"href":"https:\/\/krusetraining.com\/espanol\/wp-json\/wp\/v2\/pages\/400\/revisions"}],"wp:attachment":[{"href":"https:\/\/krusetraining.com\/espanol\/wp-json\/wp\/v2\/media?parent=400"}],"curies":[{"name":"wp","href":"https:\/\/api.w.org\/{rel}","templated":true}]}}