{"id":1628,"date":"2019-08-09T15:26:21","date_gmt":"2019-08-09T19:26:21","guid":{"rendered":"https:\/\/krusetraining.com\/espanol\/?page_id=1628"},"modified":"2022-03-21T15:44:54","modified_gmt":"2022-03-21T19:44:54","slug":"seminars","status":"publish","type":"page","link":"https:\/\/krusetraining.com\/espanol\/seminars\/","title":{"rendered":"Seminarios"},"content":{"rendered":"<p><span style=\"color: #ff0000;\"><em><strong>\u00a1EN 2022!<\/strong><\/em><\/span> Kruse Training ofrecer\u00e1 dos temas del seminario C\u00edrculo del Conocimiento<\/p>\n<ul>\n<li><strong>Comportamientos de causa y efecto en el moldeo por inyecci\u00f3n:<\/strong>La serie original de seminarios de Kruse Training lo lleva a trav\u00e9s de escenarios de moldeo de la vida real para mostrar los comportamientos de causa y efecto del dise\u00f1o y el proceso.<\/li>\n<li><strong>Defectos comunes de moldeo en el moldeo por inyecci\u00f3n:<\/strong>Nos complace presentar este nuevo seminario centrado en los defectos comunes de moldeo y las t\u00e9cnicas para minimizarlos o eliminarlos.<\/li>\n<\/ul>\n<p>Los seminarios de Kruse Training son programas presenciales* dirigidos a ayudar a desarrollar equipos sin\u00e9rgicos de profesionales capacitados de forma cruzada que puedan dise\u00f1ar y moldear con \u00e9xito componentes de pl\u00e1stico. Ambos seminarios son programas de 2 d\u00edas basados en la soluci\u00f3n de capacitaci\u00f3n en l\u00ednea Kruse Training. Los seminarios son una iniciativa integral de entrenamiento cruzado para dise\u00f1adores de partes, dise\u00f1adores de moldes e ingenieros de procesos.<\/p>\n<p><em><strong><img loading=\"lazy\" decoding=\"async\" class=\"alignnone wp-image-1713 size-large\" src=\"\/wp-content\/uploads\/sites\/4\/2019\/10\/Irvine_Seminar-1024x782.jpg\" alt=\"Kruse Training Seminar Attendees\" width=\"900\" height=\"687\" srcset=\"https:\/\/krusetraining.com\/espanol\/wp-content\/uploads\/sites\/4\/2019\/10\/Irvine_Seminar-1024x782.jpg 1024w, https:\/\/krusetraining.com\/espanol\/wp-content\/uploads\/sites\/4\/2019\/10\/Irvine_Seminar-300x229.jpg 300w, https:\/\/krusetraining.com\/espanol\/wp-content\/uploads\/sites\/4\/2019\/10\/Irvine_Seminar-768x587.jpg 768w, https:\/\/krusetraining.com\/espanol\/wp-content\/uploads\/sites\/4\/2019\/10\/Irvine_Seminar-100x76.jpg 100w\" sizes=\"auto, (max-width: 900px) 100vw, 900px\" \/><\/strong><\/em><\/p>\n<p>&nbsp;<\/p>\n<p><em><strong>\u00a1OBT\u00c9N M\u00c1S POR TU D\u00d3LAR DE ENTRENAMIENTO! <\/strong><\/em>Al finalizar un seminario de 2 d\u00edas, los participantes reciben una cuenta de usuario \u00fanico de 3 meses con acceso ilimitado al programa de capacitaci\u00f3n en l\u00ednea Kruse Training. Durante este per\u00edodo, los usuarios que completen lecciones de Nivel 1 y completen con \u00e9xito un examen final recibir\u00e1n la certificaci\u00f3n de Kruse Training. Despu\u00e9s de tres meses, los participantes pueden optar por inscribirse para obtener acceso continuo al programa en l\u00ednea para una capacitaci\u00f3n m\u00e1s avanzada a medida que est\u00e9 disponible.\u00a0<em>Ap\u00fantese a ambos seminarios y ahorre un 20%.<\/em><\/p>\n<p><em>*Los seminarios est\u00e1n abiertos a dise\u00f1adores s\u00e9nior de partes, dise\u00f1adores de moldes e ingenieros de procesos, a menos que se indique lo contrario.<\/em><\/p>\n<p>________________________________________________________________<\/p>\n<p><strong>Pr\u00f3ximos Seminarios<\/strong><\/p>\n<p>Todos los pr\u00f3ximos seminarios est\u00e1n actualmente en espera. Por favor, <a href=\"https:\/\/krusetraining.m-pages.com\/SbGxsN\/email-marketing\">suscr\u00edbase a nuestro bolet\u00edn <\/a>para\u00a0recibir un anuncio cuando tengamos nuestro pr\u00f3ximo seminario<\/p>\n<p>________________________________________________________________<\/p>\n<p><img loading=\"lazy\" decoding=\"async\" class=\"wp-image-1486 size-thumbnail alignright\" src=\"\/wp-content\/uploads\/sites\/4\/2018\/12\/testimonial-icon-150x150.png\" alt=\"icon-testimonial\" width=\"150\" height=\"150\" srcset=\"https:\/\/krusetraining.com\/espanol\/wp-content\/uploads\/sites\/4\/2018\/12\/testimonial-icon-150x150.png 150w, https:\/\/krusetraining.com\/espanol\/wp-content\/uploads\/sites\/4\/2018\/12\/testimonial-icon-300x300.png 300w, https:\/\/krusetraining.com\/espanol\/wp-content\/uploads\/sites\/4\/2018\/12\/testimonial-icon-100x100.png 100w, https:\/\/krusetraining.com\/espanol\/wp-content\/uploads\/sites\/4\/2018\/12\/testimonial-icon-50x50.png 50w, https:\/\/krusetraining.com\/espanol\/wp-content\/uploads\/sites\/4\/2018\/12\/testimonial-icon.png 312w\" sizes=\"auto, (max-width: 150px) 100vw, 150px\" \/><\/p>\n<p><strong>Comentarios adicionales de nuestros asistentes al seminario:<\/strong><\/p>\n<p>&#8220;Gran seminario. Me ayud\u00f3 a entender el an\u00e1lisis del flujo de molde con m\u00e1s detalle&#8221;.<\/p>\n<p>&#8220;Las animaciones y las im\u00e1genes hicieron que el material fuera m\u00e1s f\u00e1cil de entender. El instructor era apasionado y tiene d\u00e9cadas de experiencia en la industria del pl\u00e1stico&#8221;.<\/p>\n<p>&#8220;Es un gran producto para la industria del pl\u00e1stico. Gracias a Torsten Kruse, Nathalie Fischer y a todos los que trabajaron en ello&#8221;.<\/p>\n<p>________________________________________________________________<\/p>\n<p><img loading=\"lazy\" decoding=\"async\" class=\"alignleft wp-image-1712\" src=\"\/wp-content\/uploads\/sites\/4\/2019\/10\/TK_Seminar-300x193.jpg\" alt=\"Torsten Kruse Teaching Seminar\" width=\"400\" height=\"257\" srcset=\"https:\/\/krusetraining.com\/espanol\/wp-content\/uploads\/sites\/4\/2019\/10\/TK_Seminar-300x193.jpg 300w, https:\/\/krusetraining.com\/espanol\/wp-content\/uploads\/sites\/4\/2019\/10\/TK_Seminar-768x494.jpg 768w, https:\/\/krusetraining.com\/espanol\/wp-content\/uploads\/sites\/4\/2019\/10\/TK_Seminar-1024x659.jpg 1024w, https:\/\/krusetraining.com\/espanol\/wp-content\/uploads\/sites\/4\/2019\/10\/TK_Seminar-100x64.jpg 100w\" sizes=\"auto, (max-width: 400px) 100vw, 400px\" \/><\/p>\n<p>Torsten Kruse es un experto de la industria de gran prestigio en la industria del moldeo por inyecci\u00f3n. Despu\u00e9s de una exitosa carrera de 10 a\u00f1os en Arburg, Inc., form\u00f3 su propia compa\u00f1\u00eda, <a href=\"https:\/\/kruseanalysis.com\/\" target=\"_blank\" rel=\"noopener\">Kruse Analysis,<\/a>en 1995. Desde entonces, Torsten ha trabajado con una amplia gama de clientes de diversas industrias de todo el mundo, lo que le proporciona un amplio espectro de experiencia en aplicaciones de moldeo. Durante su carrera, Torsten desarroll\u00f3 cursos de capacitaci\u00f3n internos personalizados para moldeadores por inyecci\u00f3n, se present\u00f3 como orador principal de la plataforma en NPE &#8217;94 y se desempe\u00f1\u00f3 como consultor y accionista en el desarrollo de Sim-Tech de Paulson\u2122 simulador de moldeo por inyecci\u00f3n y cursos de capacitaci\u00f3n de moldeo por inyecci\u00f3n basados en DVD. Torsten tambi\u00e9n ha recibido prestigiosos premios de certificaci\u00f3n durante su carrera, lo que logr\u00f3 demostrando su conocimiento del proceso de moldeo por inyecci\u00f3n, materiales de fabricaci\u00f3n de moldes y habilidades para resolver problemas. A trav\u00e9s de muchos a\u00f1os de experiencia, Torsten fue capaz de crear simulaciones y proporciona recomendaciones para optimizar el dise\u00f1o de moldes y las t\u00e9cnicas de fabricaci\u00f3n. Torsten es un experto en proporcionar servicios de simulaci\u00f3n CAE a sus clientes. Mientras a\u00fan estaba en Arburg, Torsten trabaj\u00f3 en las aplicaciones de moldeo por inyecci\u00f3n de los clientes, dise\u00f1\u00f3 e imparti\u00f3 programas de capacitaci\u00f3n para clientes y dirigi\u00f3 el departamento interno de aplicaciones de moldeo por inyecci\u00f3n. Desde entonces, Torsten se ha convertido en un educador muy respetado y buscado en tecnolog\u00eda de software de simulaciones, ayudando a capacitar y asesorar a ingenieros y dise\u00f1adores de fabricaci\u00f3n de moldes en todo el mundo.<\/p>\n<p>&nbsp;<\/p>\n<p><img loading=\"lazy\" decoding=\"async\" class=\"alignleft wp-image-2510 size-medium\" src=\"https:\/\/krusetraining.com\/espanol\/wp-content\/uploads\/sites\/4\/2022\/02\/Roberto-223x300.png\" alt=\"Robert Hernandez \" width=\"223\" height=\"300\" srcset=\"https:\/\/krusetraining.com\/espanol\/wp-content\/uploads\/sites\/4\/2022\/02\/Roberto-223x300.png 223w, https:\/\/krusetraining.com\/espanol\/wp-content\/uploads\/sites\/4\/2022\/02\/Roberto-762x1024.png 762w, https:\/\/krusetraining.com\/espanol\/wp-content\/uploads\/sites\/4\/2022\/02\/Roberto-768x1033.png 768w, https:\/\/krusetraining.com\/espanol\/wp-content\/uploads\/sites\/4\/2022\/02\/Roberto-74x100.png 74w, https:\/\/krusetraining.com\/espanol\/wp-content\/uploads\/sites\/4\/2022\/02\/Roberto.png 865w\" sizes=\"auto, (max-width: 223px) 100vw, 223px\" \/>Roberto Hern\u00e1ndez, Maestro Moldeador, Ingeniero Electromec\u00e1nico es un experto de la industria de gran prestigio en la industria del moldeo por inyecci\u00f3n. Despu\u00e9s de una exitosa carrera de 40 a\u00f1os en la industria del pl\u00e1stico que comenz\u00f3 en su negocio familiar desde que \u00e9l ten\u00eda 12 a\u00f1os. Roberto ayud\u00f3 a su padre a fabricar y automatizar su propia m\u00e1quina de moldeo, as\u00ed como alguna m\u00e1quina de molido de pl\u00e1stico. Despu\u00e9s de una exitosa carrera de 25a\u00f1os en empresas internacionales como Pepsi, Samsung, Baxter a cargo de la producci\u00f3n, mantenimiento, ingenier\u00eda de diferentes procesos: Moldeo por inyecci\u00f3n l\u00edquida, Moldeo por inyecci\u00f3n, Caucho de silicona l\u00edquida (LSR), compresi\u00f3n de moldes, compresi\u00f3n de transferencias, dise\u00f1o de moldes, moldeo por soplado, extrusi\u00f3n, mantenimiento industrial, sala de herramientas, automatizaci\u00f3n de procesos, tampograf\u00eda, serigraf\u00eda y proceso de impresi\u00f3n offset. form\u00f3 su propia empresa, RHL Plastics , en 2010. Desde entonces, ha trabajado con una amplia gama de clientes de diversas industrias m\u00e9dicas y de otro tipo en todo el mundo, lo que le proporciona un amplio espectro de experiencia en aplicaciones de moldeo, con una s\u00f3lida experiencia en procesos. Trabajando Durante su carrera, Roberto desarroll\u00f3 cursos de capacitaci\u00f3n internos personalizados para moldeadores por inyecci\u00f3n, se desempe\u00f1\u00f3 como consultor en la transferencia de varios productos y procesos de moldeo por inyecci\u00f3n a M\u00e9xico desde diferentes pa\u00edses, durante 10 a\u00f1os particip\u00f3 en el desarrollo de CD, DVD, lentes oft\u00e1lmicas y productos ortop\u00e9dicos. Roberto tambi\u00e9n ha recibido prestigiosos premios de certificaci\u00f3n durante su carrera, lo que logr\u00f3 demostrando su conocimiento del proceso de moldeo por inyecci\u00f3n, mejoras de procesos, habilidades de resoluci\u00f3n de problemas y el uso y desarrollo del sistema de fabricaci\u00f3n esbelta en la industria del pl\u00e1stico.<\/p>\n","protected":false},"excerpt":{"rendered":"<p>\u00a1EN 2022! Kruse Training ofrecer\u00e1 dos temas del seminario C\u00edrculo del Conocimiento Comportamientos de causa y efecto en el moldeo por inyecci\u00f3n:La serie original de seminarios de Kruse Training lo lleva a trav\u00e9s de escenarios de moldeo de la vida real para mostrar los comportamientos de causa y efecto del dise\u00f1o y el proceso. Defectos [&hellip;]<\/p>\n","protected":false},"author":5,"featured_media":0,"parent":0,"menu_order":0,"comment_status":"closed","ping_status":"closed","template":"","meta":{"_acf_changed":false,"om_disable_all_campaigns":false,"footnotes":""},"class_list":["post-1628","page","type-page","status-publish","hentry"],"acf":[],"yoast_head":"<!-- This site is optimized with the Yoast SEO Premium plugin v27.0 (Yoast SEO v27.3) - https:\/\/yoast.com\/product\/yoast-seo-premium-wordpress\/ -->\n<title>Seminarios - Kruse Training (Spanish)<\/title>\n<meta name=\"description\" content=\"The Circle of Knowledge seminar is 2-day in-person program based on the Kruse Training online training solution. Sign up today!\" \/>\n<meta name=\"robots\" content=\"index, follow, max-snippet:-1, max-image-preview:large, max-video-preview:-1\" \/>\n<link rel=\"canonical\" href=\"https:\/\/krusetraining.com\/espanol\/seminars\/\" \/>\n<meta property=\"og:locale\" content=\"es_MX\" \/>\n<meta property=\"og:type\" content=\"article\" \/>\n<meta property=\"og:title\" content=\"Seminarios\" \/>\n<meta property=\"og:description\" content=\"The Circle of Knowledge seminar is 2-day in-person program based on the Kruse Training online training solution. Sign up today!\" \/>\n<meta property=\"og:url\" content=\"https:\/\/krusetraining.com\/espanol\/seminars\/\" \/>\n<meta property=\"og:site_name\" content=\"Kruse Training (Spanish)\" \/>\n<meta property=\"article:modified_time\" content=\"2022-03-21T19:44:54+00:00\" \/>\n<meta property=\"og:image\" content=\"https:\/\/krusetraining.com\/wp-content\/uploads\/sites\/4\/2019\/10\/Irvine_Seminar-1024x782.jpg\" \/>\n<meta name=\"twitter:card\" content=\"summary_large_image\" \/>\n<meta name=\"twitter:site\" content=\"@krusetraining\" \/>\n<meta name=\"twitter:label1\" content=\"Tiempo de lectura\" \/>\n\t<meta name=\"twitter:data1\" content=\"6 minutos\" \/>\n<script type=\"application\/ld+json\" class=\"yoast-schema-graph\">{\"@context\":\"https:\\\/\\\/schema.org\",\"@graph\":[{\"@type\":\"WebPage\",\"@id\":\"https:\\\/\\\/krusetraining.com\\\/espanol\\\/seminars\\\/\",\"url\":\"https:\\\/\\\/krusetraining.com\\\/espanol\\\/seminars\\\/\",\"name\":\"Seminarios - Kruse Training (Spanish)\",\"isPartOf\":{\"@id\":\"https:\\\/\\\/krusetraining.com\\\/espanol\\\/#website\"},\"primaryImageOfPage\":{\"@id\":\"https:\\\/\\\/krusetraining.com\\\/espanol\\\/seminars\\\/#primaryimage\"},\"image\":{\"@id\":\"https:\\\/\\\/krusetraining.com\\\/espanol\\\/seminars\\\/#primaryimage\"},\"thumbnailUrl\":\"https:\\\/\\\/krusetraining.com\\\/espanol\\\/wp-content\\\/uploads\\\/sites\\\/4\\\/2022\\\/02\\\/Roberto-223x300.png\",\"datePublished\":\"2019-08-09T19:26:21+00:00\",\"dateModified\":\"2022-03-21T19:44:54+00:00\",\"description\":\"The Circle of Knowledge seminar is 2-day in-person program based on the Kruse Training online training solution. Sign up today!\",\"breadcrumb\":{\"@id\":\"https:\\\/\\\/krusetraining.com\\\/espanol\\\/seminars\\\/#breadcrumb\"},\"inLanguage\":\"es\",\"potentialAction\":[{\"@type\":\"ReadAction\",\"target\":[\"https:\\\/\\\/krusetraining.com\\\/espanol\\\/seminars\\\/\"]}]},{\"@type\":\"ImageObject\",\"inLanguage\":\"es\",\"@id\":\"https:\\\/\\\/krusetraining.com\\\/espanol\\\/seminars\\\/#primaryimage\",\"url\":\"https:\\\/\\\/krusetraining.com\\\/espanol\\\/wp-content\\\/uploads\\\/sites\\\/4\\\/2022\\\/02\\\/Roberto.png\",\"contentUrl\":\"https:\\\/\\\/krusetraining.com\\\/espanol\\\/wp-content\\\/uploads\\\/sites\\\/4\\\/2022\\\/02\\\/Roberto.png\",\"width\":865,\"height\":1163},{\"@type\":\"BreadcrumbList\",\"@id\":\"https:\\\/\\\/krusetraining.com\\\/espanol\\\/seminars\\\/#breadcrumb\",\"itemListElement\":[{\"@type\":\"ListItem\",\"position\":1,\"name\":\"Home\",\"item\":\"https:\\\/\\\/krusetraining.com\\\/espanol\\\/\"},{\"@type\":\"ListItem\",\"position\":2,\"name\":\"Seminarios\"}]},{\"@type\":\"WebSite\",\"@id\":\"https:\\\/\\\/krusetraining.com\\\/espanol\\\/#website\",\"url\":\"https:\\\/\\\/krusetraining.com\\\/espanol\\\/\",\"name\":\"Kruse Training (Spanish)\",\"description\":\"\",\"publisher\":{\"@id\":\"https:\\\/\\\/krusetraining.com\\\/espanol\\\/#organization\"},\"potentialAction\":[{\"@type\":\"SearchAction\",\"target\":{\"@type\":\"EntryPoint\",\"urlTemplate\":\"https:\\\/\\\/krusetraining.com\\\/espanol\\\/?s={search_term_string}\"},\"query-input\":{\"@type\":\"PropertyValueSpecification\",\"valueRequired\":true,\"valueName\":\"search_term_string\"}}],\"inLanguage\":\"es\"},{\"@type\":\"Organization\",\"@id\":\"https:\\\/\\\/krusetraining.com\\\/espanol\\\/#organization\",\"name\":\"Kruse Training\",\"url\":\"https:\\\/\\\/krusetraining.com\\\/espanol\\\/\",\"logo\":{\"@type\":\"ImageObject\",\"inLanguage\":\"es\",\"@id\":\"https:\\\/\\\/krusetraining.com\\\/espanol\\\/#\\\/schema\\\/logo\\\/image\\\/\",\"url\":\"https:\\\/\\\/krusetraining.com\\\/espanol\\\/wp-content\\\/uploads\\\/sites\\\/4\\\/2018\\\/06\\\/KT-LOGO.jpg\",\"contentUrl\":\"https:\\\/\\\/krusetraining.com\\\/espanol\\\/wp-content\\\/uploads\\\/sites\\\/4\\\/2018\\\/06\\\/KT-LOGO.jpg\",\"width\":1968,\"height\":1411,\"caption\":\"Kruse Training\"},\"image\":{\"@id\":\"https:\\\/\\\/krusetraining.com\\\/espanol\\\/#\\\/schema\\\/logo\\\/image\\\/\"},\"sameAs\":[\"https:\\\/\\\/x.com\\\/krusetraining\",\"https:\\\/\\\/www.linkedin.com\\\/in\\\/kruseanalysis\\\/\",\"https:\\\/\\\/www.youtube.com\\\/channel\\\/UC2lPoGtSbSMB0BdRgbHm7qw\"]}]}<\/script>\n<!-- \/ Yoast SEO Premium plugin. -->","yoast_head_json":{"title":"Seminarios - Kruse Training (Spanish)","description":"The Circle of Knowledge seminar is 2-day in-person program based on the Kruse Training online training solution. Sign up today!","robots":{"index":"index","follow":"follow","max-snippet":"max-snippet:-1","max-image-preview":"max-image-preview:large","max-video-preview":"max-video-preview:-1"},"canonical":"https:\/\/krusetraining.com\/espanol\/seminars\/","og_locale":"es_MX","og_type":"article","og_title":"Seminarios","og_description":"The Circle of Knowledge seminar is 2-day in-person program based on the Kruse Training online training solution. Sign up today!","og_url":"https:\/\/krusetraining.com\/espanol\/seminars\/","og_site_name":"Kruse Training (Spanish)","article_modified_time":"2022-03-21T19:44:54+00:00","og_image":[{"url":"https:\/\/krusetraining.com\/wp-content\/uploads\/sites\/4\/2019\/10\/Irvine_Seminar-1024x782.jpg","type":"","width":"","height":""}],"twitter_card":"summary_large_image","twitter_site":"@krusetraining","twitter_misc":{"Tiempo de lectura":"6 minutos"},"schema":{"@context":"https:\/\/schema.org","@graph":[{"@type":"WebPage","@id":"https:\/\/krusetraining.com\/espanol\/seminars\/","url":"https:\/\/krusetraining.com\/espanol\/seminars\/","name":"Seminarios - Kruse Training (Spanish)","isPartOf":{"@id":"https:\/\/krusetraining.com\/espanol\/#website"},"primaryImageOfPage":{"@id":"https:\/\/krusetraining.com\/espanol\/seminars\/#primaryimage"},"image":{"@id":"https:\/\/krusetraining.com\/espanol\/seminars\/#primaryimage"},"thumbnailUrl":"https:\/\/krusetraining.com\/espanol\/wp-content\/uploads\/sites\/4\/2022\/02\/Roberto-223x300.png","datePublished":"2019-08-09T19:26:21+00:00","dateModified":"2022-03-21T19:44:54+00:00","description":"The Circle of Knowledge seminar is 2-day in-person program based on the Kruse Training online training solution. Sign up today!","breadcrumb":{"@id":"https:\/\/krusetraining.com\/espanol\/seminars\/#breadcrumb"},"inLanguage":"es","potentialAction":[{"@type":"ReadAction","target":["https:\/\/krusetraining.com\/espanol\/seminars\/"]}]},{"@type":"ImageObject","inLanguage":"es","@id":"https:\/\/krusetraining.com\/espanol\/seminars\/#primaryimage","url":"https:\/\/krusetraining.com\/espanol\/wp-content\/uploads\/sites\/4\/2022\/02\/Roberto.png","contentUrl":"https:\/\/krusetraining.com\/espanol\/wp-content\/uploads\/sites\/4\/2022\/02\/Roberto.png","width":865,"height":1163},{"@type":"BreadcrumbList","@id":"https:\/\/krusetraining.com\/espanol\/seminars\/#breadcrumb","itemListElement":[{"@type":"ListItem","position":1,"name":"Home","item":"https:\/\/krusetraining.com\/espanol\/"},{"@type":"ListItem","position":2,"name":"Seminarios"}]},{"@type":"WebSite","@id":"https:\/\/krusetraining.com\/espanol\/#website","url":"https:\/\/krusetraining.com\/espanol\/","name":"Kruse Training (Spanish)","description":"","publisher":{"@id":"https:\/\/krusetraining.com\/espanol\/#organization"},"potentialAction":[{"@type":"SearchAction","target":{"@type":"EntryPoint","urlTemplate":"https:\/\/krusetraining.com\/espanol\/?s={search_term_string}"},"query-input":{"@type":"PropertyValueSpecification","valueRequired":true,"valueName":"search_term_string"}}],"inLanguage":"es"},{"@type":"Organization","@id":"https:\/\/krusetraining.com\/espanol\/#organization","name":"Kruse Training","url":"https:\/\/krusetraining.com\/espanol\/","logo":{"@type":"ImageObject","inLanguage":"es","@id":"https:\/\/krusetraining.com\/espanol\/#\/schema\/logo\/image\/","url":"https:\/\/krusetraining.com\/espanol\/wp-content\/uploads\/sites\/4\/2018\/06\/KT-LOGO.jpg","contentUrl":"https:\/\/krusetraining.com\/espanol\/wp-content\/uploads\/sites\/4\/2018\/06\/KT-LOGO.jpg","width":1968,"height":1411,"caption":"Kruse Training"},"image":{"@id":"https:\/\/krusetraining.com\/espanol\/#\/schema\/logo\/image\/"},"sameAs":["https:\/\/x.com\/krusetraining","https:\/\/www.linkedin.com\/in\/kruseanalysis\/","https:\/\/www.youtube.com\/channel\/UC2lPoGtSbSMB0BdRgbHm7qw"]}]}},"_links":{"self":[{"href":"https:\/\/krusetraining.com\/espanol\/wp-json\/wp\/v2\/pages\/1628","targetHints":{"allow":["GET"]}}],"collection":[{"href":"https:\/\/krusetraining.com\/espanol\/wp-json\/wp\/v2\/pages"}],"about":[{"href":"https:\/\/krusetraining.com\/espanol\/wp-json\/wp\/v2\/types\/page"}],"author":[{"embeddable":true,"href":"https:\/\/krusetraining.com\/espanol\/wp-json\/wp\/v2\/users\/5"}],"replies":[{"embeddable":true,"href":"https:\/\/krusetraining.com\/espanol\/wp-json\/wp\/v2\/comments?post=1628"}],"version-history":[{"count":0,"href":"https:\/\/krusetraining.com\/espanol\/wp-json\/wp\/v2\/pages\/1628\/revisions"}],"wp:attachment":[{"href":"https:\/\/krusetraining.com\/espanol\/wp-json\/wp\/v2\/media?parent=1628"}],"curies":[{"name":"wp","href":"https:\/\/api.w.org\/{rel}","templated":true}]}}